{"id":1535,"date":"2020-10-21T13:10:42","date_gmt":"2020-10-21T11:10:42","guid":{"rendered":"https:\/\/instytutkonfucjusza.ug.edu.pl\/?page_id=1535"},"modified":"2025-06-27T14:35:02","modified_gmt":"2025-06-27T12:35:02","slug":"gry-instytutu-konfucjusza","status":"publish","type":"page","link":"https:\/\/instytutkonfucjusza.ug.edu.pl\/en\/gry-instytutu-konfucjusza\/","title":{"rendered":"Chinese Bridge 2025"},"content":{"rendered":"<section id=\"content\" role=\"main\">\n<div class=\"text-page container\">\n<h2><strong>Oficjalne wyniki Chinese Bridge Polska 2025<\/strong><\/h2>\n<p>Instytut Konfucjusza Uniwersytetu Gda\u0144skiego, 6 czerwca 2025 r.<\/p>\n<h4>24. Konkurs j\u0119zyka chi\u0144skiego \u201eChinese Bridge\u201d dla student\u00f3w uczelni wy\u017cszych<br \/>\n\u2013 eliminacje w Polsce<\/h4>\n<p>1. miejsce \u2013 Kinga Kizner<br \/>\n2. miejsce \u2013 Lidia Maria Witer<br \/>\n2. miejsce \u2013 El\u017cbieta Richert<br \/>\n3. miejsce \u2013 Maksym Bobrowski<br \/>\n3. miejsce \u2013 Filip Tomasz Wierzbowski<br \/>\n3. miejsce \u2013 Alicja Tomczyk<br \/>\nWyr\u00f3\u017cnienia:<br \/>\nAnita Kornelia Dziedzic, Aleksander Adam Kotlarz, Zuzanna El\u017cbieta Kosza\u0142ka, Laura Barbara Kowalczyk, Julia Wenzel, Maria Luiza \u00a0Castaneda Trujillo, Piotr Miko\u0142aj Zimoch, Sarah Woroniecka, Maja Matusiak, Paulina Marciniak, Weronika Radawiec, Kaja Anna Malchrzycka, Zuzanna Miedzi\u0144ska, Natalia Magdalena Kiepura, Zofia Bobrowska, Zuzanna Moch, Dawid Blachowski, Beata Agnieszka Klejner, Julia Ko\u0142odziejczyk<\/p>\n<h4>18. Konkurs j\u0119zyka chi\u0144skiego \u201eChinese Bridge\u201d dla uczni\u00f3w szk\u00f3\u0142 ponadpodstawowych<br \/>\n\u2013 eliminacje w Polsce<\/h4>\n<p>1. miejsce \u2013 Artur Simkin<br \/>\n2. miejsce \u2013 Joanna Maria Skubisz<br \/>\n2. miejsce \u2013 Aleksandra Mi\u0105zek<br \/>\n3. miejsce \u2013 Julia Sochacka<br \/>\n3. miejsce \u2013 Zofia Major<br \/>\n3. miejsce \u2013 Zofia Maria Pakulska<br \/>\nWyr\u00f3\u017cnienia:<br \/>\nAnna Krasi\u0144ska-Kaczorek, Wiktoria Dawidziuk, Eliza Kurpiers, Hanna Jaworska, Marcel Stanis\u0142aw Wysocki<\/p>\n<h4>5. Konkurs talent\u00f3w \u201eChinese Bridge\u201d dla uczni\u00f3w szk\u00f3\u0142 podstawowych<br \/>\n\u2013 eliminacje w Polsce<\/h4>\n<p>1. miejsce \u2013 Alicja Jakubczyk<br \/>\n2. miejsce \u2013 Magdalena Jakubczyk<br \/>\n2. miejsce \u2013 Natalia Zaremba<br \/>\n3. miejsce \u2013 Gabriela Julia Mularska<br \/>\n3. miejsce \u2013 Maria Katarzyna Zi\u00f3\u0142ek<br \/>\n3. miejsce \u2013 Julia Rochowicz<br \/>\nWyr\u00f3\u017cnienia:<br \/>\nNatalia Katlewicz, Maksymilian Bensalem, Dominika Stepaniuk, Rafael Skworcow, Eryk Walkowicz, Joanna Guba\u0142a, Miko\u0142aj Rochowicz, Wiktoria Anna Poloczek<\/p>\n<h2>Komunikaty archiwalne<\/h2>\n<p>Uniwersytet Gda\u0144ski b\u0119dzie go\u015bci\u0142 w 2025 roku uczestnik\u00f3w polskiego fina\u0142u og\u00f3lno\u015bwiatowego konkursu umiej\u0119tno\u015bci i wiedzy o chi\u0144skiej kulturze i j\u0119zyku dla student\u00f3w, uczni\u00f3w szk\u00f3\u0142 podstawowych i ponadpodstawowych <a href=\"http:\/\/www.chinese.cn\/page\/#\/pcpage\/project?id=166\" target=\"_blank\" rel=\"noreferrer noopener\">Chinese Bridge<\/a>\u00a0(<a href=\"http:\/\/www.chinese.cn\/page\/#\/pcpage\/project?id=129\" target=\"_blank\" rel=\"noreferrer noopener\">\u6c49\u8bed\u6865<\/a>).<br \/>\nTo wielkie wydarzenie dla wszystkich aktywnych i biernych mi\u0142o\u015bnik\u00f3w dziedzictwa oraz dorobku kulturowego i cywilizacyjnego Chin.<br \/>\nZapraszamy wszystkich do udzia\u0142u, zar\u00f3wno w charakterze uczestnik\u00f3w, jak i widz\u00f3w!<br \/>\nWydarzenie odb\u0119dzie si\u0119 6 czerwca 2025 r. w Sali Teatralnej im. Jerzego Limona na Wydziale Filologicznym Uniwersytetu Gda\u0144skiego.<br \/>\nOrganizatorem zawod\u00f3w jest Instytut Konfucjusza Uniwersytetu Gda\u0144skiego\u00a0przy \u015bcis\u0142ej wsp\u00f3\u0142pracy organizacyjnej i finansowej z Wydzia\u0142em Nauki, Technologii i Edukacji\u00a0<a href=\"http:\/\/pl.china-embassy.gov.cn\/pol\/\" target=\"_blank\" rel=\"noreferrer noopener\">Ambasady Chi\u0144skiej Republiki Ludowej\u00a0 w Polsce<\/a>.<\/p>\n<p>Prosimy o zapoznanie si\u0119 z\u00a0<em><a href=\"https:\/\/instytutkonfucjusza.ug.edu.pl\/wp-content\/uploads\/2025\/03\/250321-PL-Rules-and-regulations-for-Chinese-Bridge-2025-gg.pdf\" target=\"_blank\" rel=\"noreferrer noopener\">Regulaminem i planem wydarze\u0144 fina\u0142u 24. Konkursu j\u0119zyka chi\u0144skiego \u201eChinese Bridge\u201d dla student\u00f3w uczelni wy\u017cszych \u2013 eliminacje w Polsce, 18. Konkursu j\u0119zyka chi\u0144skiego \u201eChinese Bridge\u201d \u00a0dla uczni\u00f3w szk\u00f3\u0142 ponadpodstawowych \u2013 eliminacje w Polsce, 5. Konkursu talent\u00f3w \u201eChinese Bridge\u201d dla uczni\u00f3w szk\u00f3\u0142 podstawowych \u2013 eliminacje w Polsce<\/a><\/em><\/p>\n<p>Zg\u0142oszenia s\u0105 przyjmowane za po\u015brednictwem formularzy online dost\u0119pnych poni\u017cej (oddzielnych dla ka\u017cdego z trzech konkurs\u00f3w). Ka\u017cdy ch\u0119tny do udzia\u0142u w konkursie musi zosta\u0107 zarekomendowany przez wybran\u0105 instytucj\u0119, kt\u00f3r\u0105 mog\u0105 by\u0107 Instytuty Konfucjusza, Klasy Konfucja\u0144skie, uczelnie wy\u017csze oferuj\u0105ce studia sinologiczne w Polsce, szko\u0142y podstawowe lub ponadpodstawowe oferuj\u0105ce nauk\u0119 j\u0119zyka chi\u0144skiego. Mo\u017cna r\u00f3wnie\u017c stara\u0107 si\u0119 o rekomendacj\u0119 bezpo\u015brednio w Instytucie Konfucjusza Uniwersytetu Gda\u0144skiego.<br \/>\nW ka\u017cdym przypadku dobr\u0105 praktyk\u0105 jest zg\u0142oszenie przez ka\u017cdego uczestnika swojego nauczyciela-opiekuna udzia\u0142u w konkursie.<\/p>\n<p><a href=\"https:\/\/forms.office.com\/e\/hxcTMNm2NB\" target=\"_blank\" rel=\"noreferrer noopener\">Formularz zg\u0142oszeniowy do\u00a0<em>24. Konkursu j\u0119zyka chi\u0144skiego \u201eChinese Bridge\u201d dla student\u00f3w uczelni wy\u017cszych \u2013 eliminacje w Polsce,<\/em><\/a><br \/>\n<a href=\"https:\/\/forms.office.com\/e\/9Z29WHep4e\" target=\"_blank\" rel=\"noreferrer noopener\">Formularz zg\u0142oszeniowy do\u00a0<em>18. Konkursu j\u0119zyka chi\u0144skiego \u201eChinese Bridge\u201d \u00a0dla uczni\u00f3w szk\u00f3\u0142 ponadpodstawowych \u2013 eliminacje w Polsce<\/em><\/a><em>,<\/em><br \/>\n<a href=\"https:\/\/forms.office.com\/e\/djfUh4ERnd\" target=\"_blank\" rel=\"noreferrer noopener\">Formularz zg\u0142oszeniowy do\u00a0<em>5. Konkursu talent\u00f3w \u201eChinese Bridge\u201d dla uczni\u00f3w szk\u00f3\u0142 podstawowych \u2013 eliminacje w Polsce,<\/em><\/a><\/p>\n<p>Uwaga!<br \/>\nPrzed wype\u0142nieniem formularza zg\u0142oszeniowego nale\u017cy obowi\u0105zkowo zapozna\u0107 si\u0119 z<br \/>\n<em><a href=\"https:\/\/instytutkonfucjusza.ug.edu.pl\/wp-content\/uploads\/2025\/03\/250321-PL-Rules-and-regulations-for-Chinese-Bridge-2025-gg.pdf\">Regulaminem i planem wydarze\u0144 fina\u0142u 24. Konkursu j\u0119zyka chi\u0144skiego \u201eChinese Bridge\u201d dla student\u00f3w uczelni wy\u017cszych \u2013 eliminacje w Polsce, 18. Konkursu j\u0119zyka chi\u0144skiego \u201eChinese Bridge\u201d \u00a0dla uczni\u00f3w szk\u00f3\u0142 ponadpodstawowych \u2013 eliminacje w Polsce, 5. Konkursu talent\u00f3w \u201eChinese Bridge\u201d dla uczni\u00f3w szk\u00f3\u0142 podstawowych \u2013 eliminacje w Polsce<\/a>\u00a0<\/em>oraz<br \/>\n<em><a href=\"https:\/\/instytutkonfucjusza.ug.edu.pl\/wp-content\/uploads\/2025\/03\/250321-klazula-informacyjna-Chinese-Bridge-2025-Gdansk.pdf\">Klauzul\u0105 informacyjn\u0105 dla uczestnika 24. Konkursu j\u0119zyka chi\u0144skiego \u201eChinese Bridge\u201d dla student\u00f3w uczelni wy\u017cszych \u2013 eliminacje w Polsce lub 18. Konkursu j\u0119zyka chi\u0144skiego \u201eChinese Bridge\u201d dla uczni\u00f3w szk\u00f3\u0142 ponadpodstawowych \u2013 eliminacje w Polsce lub\u00a05. Konkursu talent\u00f3w \u201eChinese Bridge\u201d dla uczni\u00f3w szk\u00f3\u0142 podstawowych \u2013 eliminacje w Polsce lub uczestnika procesu rekrutacji na ww. konkursy\u00a0<\/a><\/em><\/p>\n<h1>Bank pyta\u0144 i odpowiedzi<\/h1>\n<p>Wszystkich uczestnik\u00f3w og\u00f3lnopolskiego fina\u0142u Chinese Bridge 2025 w Gda\u0144sku\u00a0 (ale nie tylko) zach\u0119camy do zapoznania si\u0119 z pytaniami (i odpowiedziami na nie) przygotowuj\u0105cymi do udzia\u0142u w konkursie.<\/p>\n<p><a href=\"https:\/\/instytutkonfucjusza.ug.edu.pl\/wp-content\/uploads\/2025\/04\/2025Question-bank\u6c49\u8bed\u6865\u5927\u5b66\u751f\u9898\u5e93-24.pdf\" target=\"_blank\" rel=\"noreferrer noopener\">Zestaw pyta\u0144 przygotowuj\u0105cy do <em>24. Konkursu j\u0119zyka chi\u0144skiego \u201eChinese Bridge\u201d dla student\u00f3w uczelni wy\u017cszych \u2013 eliminacje w Polsce,<\/em><\/a><br \/>\n<a href=\"https:\/\/forms.office.com\/e\/hxcTMNm2NB\" target=\"_blank\" rel=\"noreferrer noopener\">Zestaw pyta\u0144 przygotowuj\u0105cy<\/a><a href=\"https:\/\/instytutkonfucjusza.ug.edu.pl\/wp-content\/uploads\/2025\/04\/2025Question-bank\u6c49\u8bed\u6865\u4e2d\u5b66\u751f\u9898\u5e93-18.pdf\" target=\"_blank\" rel=\"noreferrer noopener\"> do <em>18. Konkursu j\u0119zyka chi\u0144skiego \u201eChinese Bridge\u201d \u00a0dla uczni\u00f3w szk\u00f3\u0142 ponadpodstawowych \u2013 eliminacje w Polsce<\/em><\/a><em>,<\/em><br \/>\n<a href=\"https:\/\/forms.office.com\/e\/hxcTMNm2NB\" target=\"_blank\" rel=\"noreferrer noopener\">Zestaw pyta\u0144 przygotowuj\u0105cy<\/a><a href=\"https:\/\/instytutkonfucjusza.ug.edu.pl\/wp-content\/uploads\/2025\/04\/2025Question-bank\u6c49\u8bed\u6865\u5c0f\u5b66\u751f\u4e2d\u6587\u79c0\u9898\u5e93-5.pdf\" target=\"_blank\" rel=\"noreferrer noopener\">\u00a0do <em>5. Konkursu talent\u00f3w \u201eChinese Bridge\u201d dla uczni\u00f3w szk\u00f3\u0142 podstawowych \u2013 eliminacje w Polsce,<\/em><\/a><\/p>\n<p>Bie\u017c\u0105ce informacje o polskim finale Chinese Bridge 2025 b\u0119d\u0105 si\u0119 ukazywa\u0107 na naszych mediach spo\u0142eczno\u015bciowych <a href=\"https:\/\/www.facebook.com\/konfucjuszUG\">fejsbuku<\/a>\u00a0and\u00a0<a href=\"https:\/\/www.instagram.com\/instytut.konfucjusza.ug\/\">instagramie<\/a>.<\/p>\n<\/div>\n<\/section>\n<div class=\"clear\"><\/div>\n<footer id=\"footer\" class=\"footer\" role=\"contentinfo\">\n<div class=\"container\">\n<ul class=\"footer-cols\">\n<li>\n<h3>INSTYTUT KONFUCJUSZA UNIWERSYTETU GDA\u0143SKIEGO<\/h3>\n<p>ul. Jana Ba\u017cy\u0144skiego 1A<br \/>\n80-309 Gda\u0144sk<br \/>\n+48 58 523 33 50<br \/>\n<a href=\"mailto:konfucjusz@ug.edu.pl\">konfucjusz@ug.edu.pl<\/a><\/li>\n<li class=\"footer-map\"><iframe loading=\"lazy\" src=\"https:\/\/www.google.com\/maps\/embed?pb=!1m18!1m12!1m3!1d821.1592398617166!2d18.568770522946103!3d54.399573003860574!2m3!1f0!2f0!3f0!3m2!1i1024!2i768!4f13.1!3m3!1m2!1s0x46fd75a9e4b8854f%3A0xabdca8d60dcb902!2sInstytut%20Konfucjusza%20przy%20Uniwersytecie%20Gda%C5%84skim!5e0!3m2!1spl!2spl!4v1622185820885!5m2!1spl!2spl\" width=\"100%\" height=\"270\" allowfullscreen=\"allowfullscreen\" data-mce-fragment=\"1\"><\/iframe><\/li>\n<li><\/li>\n<li>\n<ul>\n<li id=\"nav_menu-3\" class=\"widget-container widget_nav_menu\">\n<h3 class=\"widget-title\">Navigation<\/h3>\n<\/li>\n<\/ul>\n<\/li>\n<\/ul>\n<\/div>\n<\/footer>","protected":false},"excerpt":{"rendered":"<p>Oficjalne wyniki Chinese Bridge Polska 2025 Instytut Konfucjusza Uniwersytetu Gda\u0144skiego, 6 czerwca 2025 r. 24. Konkurs j\u0119zyka chi\u0144skiego \u201eChinese Bridge\u201d dla student\u00f3w uczelni wy\u017cszych \u2013 eliminacje w Polsce 1. miejsce \u2013 Kinga Kizner 2. miejsce \u2013 Lidia Maria Witer 2. miejsce \u2013 El\u017cbieta Richert 3. miejsce \u2013 Maksym Bobrowski 3. miejsce \u2013 Filip Tomasz Wierzbowski [&hellip;]<\/p>\n","protected":false},"author":2,"featured_media":0,"parent":0,"menu_order":0,"comment_status":"closed","ping_status":"closed","template":"","meta":{"_acf_changed":false,"footnotes":""},"class_list":["post-1535","page","type-page","status-publish","hentry"],"acf":[],"_links":{"self":[{"href":"https:\/\/instytutkonfucjusza.ug.edu.pl\/en\/wp-json\/wp\/v2\/pages\/1535","targetHints":{"allow":["GET"]}}],"collection":[{"href":"https:\/\/instytutkonfucjusza.ug.edu.pl\/en\/wp-json\/wp\/v2\/pages"}],"about":[{"href":"https:\/\/instytutkonfucjusza.ug.edu.pl\/en\/wp-json\/wp\/v2\/types\/page"}],"author":[{"embeddable":true,"href":"https:\/\/instytutkonfucjusza.ug.edu.pl\/en\/wp-json\/wp\/v2\/users\/2"}],"replies":[{"embeddable":true,"href":"https:\/\/instytutkonfucjusza.ug.edu.pl\/en\/wp-json\/wp\/v2\/comments?post=1535"}],"version-history":[{"count":13,"href":"https:\/\/instytutkonfucjusza.ug.edu.pl\/en\/wp-json\/wp\/v2\/pages\/1535\/revisions"}],"predecessor-version":[{"id":2740,"href":"https:\/\/instytutkonfucjusza.ug.edu.pl\/en\/wp-json\/wp\/v2\/pages\/1535\/revisions\/2740"}],"wp:attachment":[{"href":"https:\/\/instytutkonfucjusza.ug.edu.pl\/en\/wp-json\/wp\/v2\/media?parent=1535"}],"curies":[{"name":"wp","href":"https:\/\/api.w.org\/{rel}","templated":true}]}}