{"id":16,"date":"2019-01-11T10:15:29","date_gmt":"2019-01-11T09:15:29","guid":{"rendered":"https:\/\/instytutkonfucjusza.ug.edu.pl\/?page_id=16"},"modified":"2026-02-05T15:50:45","modified_gmt":"2026-02-05T14:50:45","slug":"kontakt","status":"publish","type":"page","link":"https:\/\/instytutkonfucjusza.ug.edu.pl\/en\/kontakt\/","title":{"rendered":"Contact"},"content":{"rendered":"<h2>Where to find us?<\/h2>\n<p><strong>Instytut Konfucjusza Uniwersytetu Gda\u0144skiego<\/strong><\/p>\n<p>ul. prof. Marii Janion 4<br \/>\n80-309 Gda\u0144sk<br \/>\n+48 58 523 33 50<br \/>\n<a href=\"mailto:konfucjusz@ug.edu.pl\">konfucjusz@ug.edu.pl<\/a><\/p>","protected":false},"excerpt":{"rendered":"<p>Gdzie nas znale\u017a\u0107? Instytut Konfucjusza Uniwersytetu Gda\u0144skiego ul. prof. Marii Janion 4 80-309 Gda\u0144sk +48 58 523 33 50 konfucjusz@ug.edu.pl<\/p>","protected":false},"author":1,"featured_media":0,"parent":0,"menu_order":0,"comment_status":"closed","ping_status":"closed","template":"","meta":{"_acf_changed":false,"footnotes":""},"class_list":["post-16","page","type-page","status-publish","hentry"],"acf":[],"_links":{"self":[{"href":"https:\/\/instytutkonfucjusza.ug.edu.pl\/en\/wp-json\/wp\/v2\/pages\/16","targetHints":{"allow":["GET"]}}],"collection":[{"href":"https:\/\/instytutkonfucjusza.ug.edu.pl\/en\/wp-json\/wp\/v2\/pages"}],"about":[{"href":"https:\/\/instytutkonfucjusza.ug.edu.pl\/en\/wp-json\/wp\/v2\/types\/page"}],"author":[{"embeddable":true,"href":"https:\/\/instytutkonfucjusza.ug.edu.pl\/en\/wp-json\/wp\/v2\/users\/1"}],"replies":[{"embeddable":true,"href":"https:\/\/instytutkonfucjusza.ug.edu.pl\/en\/wp-json\/wp\/v2\/comments?post=16"}],"version-history":[{"count":8,"href":"https:\/\/instytutkonfucjusza.ug.edu.pl\/en\/wp-json\/wp\/v2\/pages\/16\/revisions"}],"predecessor-version":[{"id":2893,"href":"https:\/\/instytutkonfucjusza.ug.edu.pl\/en\/wp-json\/wp\/v2\/pages\/16\/revisions\/2893"}],"wp:attachment":[{"href":"https:\/\/instytutkonfucjusza.ug.edu.pl\/en\/wp-json\/wp\/v2\/media?parent=16"}],"curies":[{"name":"wp","href":"https:\/\/api.w.org\/{rel}","templated":true}]}}