{"id":208,"date":"2019-01-29T12:26:39","date_gmt":"2019-01-29T11:26:39","guid":{"rendered":"https:\/\/instytutkonfucjusza.ug.edu.pl\/?page_id=208"},"modified":"2026-02-05T20:02:04","modified_gmt":"2026-02-05T19:02:04","slug":"klauzula-informacyjna","status":"publish","type":"page","link":"https:\/\/instytutkonfucjusza.ug.edu.pl\/en\/klauzula-informacyjna\/","title":{"rendered":"Information clause"},"content":{"rendered":"<p>Zgodnie z og\u00f3lnym rozporz\u0105dzeniem o ochronie danych z dnia 27 kwietnia 2016 r., zwanym dalej 'RODO&#8217;, Uniwersytet Gda\u0144ski informuje, \u017ce:<\/p>\n<p>1. Administratorem Pa\u0144stwa danych osobowych jest Uniwersytet Gda\u0144ski, 80-309 Gda\u0144sk, ul. prof. Marii Janion 7, reprezentowany przez Rektora.<br \/>\n2. Administrator powo\u0142a\u0142 Inspektora Ochrony Danych, z kt\u00f3rym mo\u017cna skontaktowa\u0107 si\u0119 pod numerem telefonu: +48 58 523 31 30, +48 58 523 24 59 lub adresem e-mail: iod@ug.edu.pl. Z Inspektorem Ochrony Danych mo\u017cna kontaktowa\u0107 si\u0119 we wszystkich sprawach dotycz\u0105cych przetwarzania danych osobowych oraz korzystania z praw zwi\u0105zanych z ich przetwarzaniem.<br \/>\n3. Pa\u0144stwa dane osobowe b\u0119d\u0105 przetwarzane w celach zwi\u0105zanych z obs\u0142ug\u0105 i obiegiem korespondencji (w szczeg\u00f3lno\u015bci z udzielaniem odpowiedzi na kierowan\u0105 do Uczelni korespondencj\u0119, podejmowaniem kontaktu z adresatami, a tak\u017ce dokumentowaniem ustale\u0144 poczynionych podczas prowadzonej korespondencji).<br \/>\n4. Pa\u0144stwa dane osobowe b\u0119d\u0105 przetwarzane w oparciu o art. 6 ust. 1 lit. f RODO &#8211; przetwarzanie jest niezb\u0119dne do cel\u00f3w wynikaj\u0105cych z prawnie uzasadnionych interes\u00f3w realizowanych przez Administratora.<br \/>\n5. Dane osobowe mog\u0105 by\u0107 udost\u0119pniane innym podmiotom je\u017celi obowi\u0105zek taki b\u0119dzie wynika\u0142 z przepis\u00f3w prawa powszechnie obowi\u0105zuj\u0105cego. W przypadku korespondencji prowadzonej za po\u015brednictwem poczty elektronicznej, odbiorc\u0105 Pa\u0144stwa danych mo\u017ce by\u0107 podmiot dzia\u0142aj\u0105cy na zlecenie Administratora, tj. podmiot b\u0119d\u0105cy operatorem us\u0142ugi pocztowej.<br \/>\n6. Dane osobowe mog\u0105 by\u0107 przekazane nast\u0119puj\u0105cemu podmiotowi zewn\u0119trznemu: Uniwersytet Chi\u0144skiej Akademii Nauk Spo\u0142ecznych (UCASS) w Pekinie (Chi\u0144ska Republika Ludowa) co wi\u0105\u017ce si\u0119 ze szczeg\u00f3lnym ryzykiem niezapewnienia w\u0142a\u015bciwej ochrony danych, w tym odpowiednich zabezpiecze\u0144, mo\u017cliwo\u015bci braku egzekwowania moich praw i skutecznej ochrony prawnej, wynikaj\u0105cych z faktu, \u017ce dane zostan\u0105 przekazane do Chi\u0144skiej Republiki Ludowej, ChRL, czyli pa\u0144stwa trzeciego, w kt\u00f3rym nie obowi\u0105zuj\u0105 przepisy RODO.<br \/>\n7. Pa\u0144stwa dane b\u0119d\u0105 przechowywane do czasu wype\u0142nienia prawnie uzasadnionych interes\u00f3w Administratora stanowi\u0105cych podstaw\u0119 tego przetwarzania &#8211; a w przypadkach,<br \/>\nw kt\u00f3rych wymagaj\u0105 tego przepisy wynikaj\u0105ce z ustawy o narodowym zasobie archiwalnym i archiwach przez okres okre\u015blony w tych przepisach.<br \/>\n8. Podanie danych osobowych jest niezb\u0119dne do prawid\u0142owego zarz\u0105dzania obs\u0142ug\u0105 i obiegiem korespondencji.<br \/>\n9. Na zasadach okre\u015blonych przepisami RODO, przys\u0142uguje Pa\u0144stwu:<br \/>\na) prawo dost\u0119pu do tre\u015bci swoich danych,<br \/>\nb) prawo do ich sprostowania, gdy s\u0105 niezgodne ze stanem rzeczywistym,<br \/>\nc) prawo do ich usuni\u0119cia, ograniczenia przetwarzania, a tak\u017ce przenoszenia danych w przypadkach przewidzianych prawem,<br \/>\nd) prawo do wniesienia sprzeciwu wobec przetwarzania danych,<br \/>\ne) prawo do wniesienia skargi do organu nadzorczego Prezesa Urz\u0119du Ochrony Danych Osobowych, gdy uznaj\u0105 Pa\u0144stwo, \u017ce przetwarzanie danych osobowych narusza przepisy o ochronie danych osobowych.<\/p>","protected":false},"excerpt":{"rendered":"<p>Zgodnie z og\u00f3lnym rozporz\u0105dzeniem o ochronie danych z dnia 27 kwietnia 2016 r., zwanym dalej 'RODO&#8217;, Uniwersytet Gda\u0144ski informuje, \u017ce: 1. Administratorem Pa\u0144stwa danych osobowych jest Uniwersytet Gda\u0144ski, 80-309 Gda\u0144sk, ul. prof. Marii Janion 7, reprezentowany przez Rektora. 2. Administrator powo\u0142a\u0142 Inspektora Ochrony Danych, z kt\u00f3rym mo\u017cna skontaktowa\u0107 si\u0119 pod numerem telefonu: +48 58 523 [&hellip;]<\/p>\n","protected":false},"author":1,"featured_media":0,"parent":0,"menu_order":0,"comment_status":"closed","ping_status":"closed","template":"","meta":{"_acf_changed":false,"footnotes":""},"class_list":["post-208","page","type-page","status-publish","hentry"],"acf":[],"_links":{"self":[{"href":"https:\/\/instytutkonfucjusza.ug.edu.pl\/en\/wp-json\/wp\/v2\/pages\/208","targetHints":{"allow":["GET"]}}],"collection":[{"href":"https:\/\/instytutkonfucjusza.ug.edu.pl\/en\/wp-json\/wp\/v2\/pages"}],"about":[{"href":"https:\/\/instytutkonfucjusza.ug.edu.pl\/en\/wp-json\/wp\/v2\/types\/page"}],"author":[{"embeddable":true,"href":"https:\/\/instytutkonfucjusza.ug.edu.pl\/en\/wp-json\/wp\/v2\/users\/1"}],"replies":[{"embeddable":true,"href":"https:\/\/instytutkonfucjusza.ug.edu.pl\/en\/wp-json\/wp\/v2\/comments?post=208"}],"version-history":[{"count":18,"href":"https:\/\/instytutkonfucjusza.ug.edu.pl\/en\/wp-json\/wp\/v2\/pages\/208\/revisions"}],"predecessor-version":[{"id":2898,"href":"https:\/\/instytutkonfucjusza.ug.edu.pl\/en\/wp-json\/wp\/v2\/pages\/208\/revisions\/2898"}],"wp:attachment":[{"href":"https:\/\/instytutkonfucjusza.ug.edu.pl\/en\/wp-json\/wp\/v2\/media?parent=208"}],"curies":[{"name":"wp","href":"https:\/\/api.w.org\/{rel}","templated":true}]}}