{"id":60,"date":"2019-01-11T13:08:33","date_gmt":"2019-01-11T12:08:33","guid":{"rendered":"https:\/\/instytutkonfucjusza.ug.edu.pl\/?page_id=60"},"modified":"2026-02-05T15:48:44","modified_gmt":"2026-02-05T14:48:44","slug":"wspolpraca","status":"publish","type":"page","link":"https:\/\/instytutkonfucjusza.ug.edu.pl\/en\/wspolpraca\/","title":{"rendered":"Cooperation"},"content":{"rendered":"<p>Obecnie z oferty Instytutu Konfucjusza Uniwersytetu Gda\u0144skiego korzysta kilka publicznych i prywatnych szk\u00f3\u0142 podstawowych oraz ponadpodstawowych w Tr\u00f3jmie\u015bcie.<\/p>\n<p>Ch\u0119tnych do wsp\u00f3\u0142pracy prosimy o kontakt:<\/p>\n<p><strong>Instytut Konfucjusza Uniwersytetu Gda\u0144skiego<\/strong><\/p>\n<p>ul. prof. Marii Janion 4<br \/>\n80-309 Gda\u0144sk<\/p>\n<p>+48 58 523 33 50<br \/>\n<a href=\"mailto:konfucjusz@ug.edu.pl\">konfucjusz@ug.edu.pl<\/a><\/p>","protected":false},"excerpt":{"rendered":"<p>Obecnie z oferty Instytutu Konfucjusza Uniwersytetu Gda\u0144skiego korzysta kilka publicznych i prywatnych szk\u00f3\u0142 podstawowych oraz ponadpodstawowych w Tr\u00f3jmie\u015bcie. Ch\u0119tnych do wsp\u00f3\u0142pracy prosimy o kontakt: Instytut Konfucjusza Uniwersytetu Gda\u0144skiego ul. prof. Marii Janion 4 80-309 Gda\u0144sk +48 58 523 33 50 konfucjusz@ug.edu.pl<\/p>","protected":false},"author":1,"featured_media":0,"parent":0,"menu_order":0,"comment_status":"closed","ping_status":"closed","template":"","meta":{"_acf_changed":false,"footnotes":""},"class_list":["post-60","page","type-page","status-publish","hentry"],"acf":[],"_links":{"self":[{"href":"https:\/\/instytutkonfucjusza.ug.edu.pl\/en\/wp-json\/wp\/v2\/pages\/60","targetHints":{"allow":["GET"]}}],"collection":[{"href":"https:\/\/instytutkonfucjusza.ug.edu.pl\/en\/wp-json\/wp\/v2\/pages"}],"about":[{"href":"https:\/\/instytutkonfucjusza.ug.edu.pl\/en\/wp-json\/wp\/v2\/types\/page"}],"author":[{"embeddable":true,"href":"https:\/\/instytutkonfucjusza.ug.edu.pl\/en\/wp-json\/wp\/v2\/users\/1"}],"replies":[{"embeddable":true,"href":"https:\/\/instytutkonfucjusza.ug.edu.pl\/en\/wp-json\/wp\/v2\/comments?post=60"}],"version-history":[{"count":10,"href":"https:\/\/instytutkonfucjusza.ug.edu.pl\/en\/wp-json\/wp\/v2\/pages\/60\/revisions"}],"predecessor-version":[{"id":2894,"href":"https:\/\/instytutkonfucjusza.ug.edu.pl\/en\/wp-json\/wp\/v2\/pages\/60\/revisions\/2894"}],"wp:attachment":[{"href":"https:\/\/instytutkonfucjusza.ug.edu.pl\/en\/wp-json\/wp\/v2\/media?parent=60"}],"curies":[{"name":"wp","href":"https:\/\/api.w.org\/{rel}","templated":true}]}}