{"id":62,"date":"2019-01-11T13:08:43","date_gmt":"2019-01-11T12:08:43","guid":{"rendered":"https:\/\/instytutkonfucjusza.ug.edu.pl\/?page_id=62"},"modified":"2026-01-12T20:59:54","modified_gmt":"2026-01-12T19:59:54","slug":"egzaminy","status":"publish","type":"page","link":"https:\/\/instytutkonfucjusza.ug.edu.pl\/en\/egzaminy\/","title":{"rendered":"Language proficiency tests"},"content":{"rendered":"<h3><strong>Informacja o egzaminie przeprowadzonym 22 marca 2026 r. znajduje si\u0119<br \/>\nw zak\u0142adce <a href=\"https:\/\/instytutkonfucjusza.ug.edu.pl\/aktualnosci\/\">News &amp; events<\/a> we wpisie <a href=\"https:\/\/instytutkonfucjusza.ug.edu.pl\/1-egzamin-hsk-hskk-w-2026-r\/\" target=\"_blank\" rel=\"noopener\">1. egzamin HSK\/HSKK w 2026 r.<\/a><\/strong><\/h3>\n<h3><strong>Informacja o egzaminie przeprowadzonym 15 listopada 2025 r. znajduje si\u0119<br \/>\nw zak\u0142adce <a href=\"https:\/\/instytutkonfucjusza.ug.edu.pl\/aktualnosci\/\">News &amp; events<\/a> we wpisie <a href=\"https:\/\/instytutkonfucjusza.ug.edu.pl\/3-egzamin-hsk-hskk-w-2025-r\/\" target=\"_blank\" rel=\"noopener\">3. egzamin HSK\/HSKK w 2025 r.<\/a><\/strong><\/h3>\n<h3><strong>Informacja o egzaminie przeprowadzanym 22 czerwca 2025 r. znajduje si\u0119<br \/>\nw zak\u0142adce <a href=\"https:\/\/instytutkonfucjusza.ug.edu.pl\/aktualnosci\/\">News &amp; events<\/a> we wpisie <a href=\"https:\/\/instytutkonfucjusza.ug.edu.pl\/2-egzamin-z-jezyka-chinskiego-w-2025-r\/\">2. egzamin z j\u0119zyka chi\u0144skiego w 2025 r.<\/a><\/strong><\/h3>\n<h3><strong>Informacja o egzaminie przeprowadzonym 9 marca 2025 r. znajduje si\u0119<br \/>\nw zak\u0142adce <a href=\"https:\/\/instytutkonfucjusza.ug.edu.pl\/aktualnosci\/\">News &amp; events<\/a> we wpisie\u00a0<a href=\"https:\/\/instytutkonfucjusza.ug.edu.pl\/egzamin-znajomosci-jezyka-chinskiego\/\">Egzamin znajomo\u015bci j\u0119zyka chi\u0144skiego<\/a><\/strong><\/h3>\n<h3><strong>HSK (Hanyu Shuiping Kaoshi)<\/strong><\/h3>\n<p>is a national standardized Chinese language exam. The primary objective of the exam is to assess the proficiency of foreigners in the Chinese language. The written examination is carried out at six levels, and the oral one at three. HSK certificates are respected by universities and companies worldwide. Passing the HSK exam is the first step towards obtaining numerous study grants and scholarships in China. Each certificate is valid only for two years.<\/p>\n<h3><strong>HSK examinations at the Confucius Institute at the University of Gdansk<\/strong><\/h3>\n<p>W Instytucie Konfucjusza Uniwersytetu Gda\u0144skiego organizujemy egzaminy HSK kilka razy do roku,\u00a0 w terminach zgodnych z og\u0142aszanymi na stronie <a href=\"https:\/\/www.chinesetest.cn\/\">chinesetest.cn<\/a> (Chinese Testing International Co., Ltd.). Za ka\u017cdym razem przeprowadzamy zar\u00f3wno egzaminy pisemne jak i ustne. Jeste\u015bmy jedynym centrum egzaminacyjnym HSK w p\u00f3\u0142nocnej Polsce.<\/p>\n<h3><strong>Preparatory courses for the HSK or HSKK exams<\/strong><\/h3>\n<p>Instytut Konfucjusza Uniwersytetu Gda\u0144skiego organizuje kursy przygotowuj\u0105ce do egzamin\u00f3w pisemnych jak i ustnych. Na kurs sk\u0142ada si\u0119 60 godzin lekcyjnych, w trakcie kt\u00f3rych lektorzy przybli\u017caj\u0105 s\u0142uchaczom struktur\u0119 egzaminu, oraz skupiaj\u0105 si\u0119 na nauce s\u0142ownictwa i struktur gramatycznych niezb\u0119dnych na danym poziomie egzaminu. Anga\u017cujemy tylko wysoko wykwalifikowan\u0105 kadr\u0119 z Chin, specjalizuj\u0105c\u0105 si\u0119 w nauczaniu j\u0119zyka chi\u0144skiego jako j\u0119zyka obcego.<\/p>\n<p>_______<\/p>\n<h3><strong>Do pobrania<\/strong><\/h3>\n\n<\/p>\n<p class=\" translation-block\"><a href=\"http:\/\/www.chinesetest.cn\/gotestlaw.do\" target=\"_self\">Exam regulations HSK HSKK in CI\u00a0<\/a><\/p>\n<p>\n\n<\/p>\n<p><a href=\"http:\/\/www.chinesetest.cn\/gosign.do?id=1&amp;lid=0\">Basic information about HSK\u00a0<\/a><\/p>\n<p>\n\n<\/p>\n<p><a href=\"http:\/\/www.chinesetest.cn\/gotestlaw.do\">Registration process\u00a0<\/a><\/p>\n<p>\n<p><a href=\"https:\/\/instytutkonfucjusza.ug.edu.pl\/\/home\/instkonfucjusza_jo\/public_html\/wp-content\/uploads\/2019\/01\/Zmiana-daty-testu-HSK-i-HSKK.pdf\">HSK and HSKK test date modification<\/a><\/p>","protected":false},"excerpt":{"rendered":"<p>Informacja o egzaminie przeprowadzonym 22 marca 2026 r. znajduje si\u0119 w zak\u0142adce Aktualno\u015bci we wpisie 1. egzamin HSK\/HSKK w 2026 r. Informacja o egzaminie przeprowadzonym 15 listopada 2025 r. znajduje si\u0119 w zak\u0142adce Aktualno\u015bci we wpisie 3. egzamin HSK\/HSKK w 2025 r. Informacja o egzaminie przeprowadzanym 22 czerwca 2025 r. znajduje si\u0119 w zak\u0142adce Aktualno\u015bci [&hellip;]<\/p>\n","protected":false},"author":1,"featured_media":0,"parent":0,"menu_order":0,"comment_status":"closed","ping_status":"closed","template":"","meta":{"_acf_changed":false,"footnotes":""},"class_list":["post-62","page","type-page","status-publish","hentry"],"acf":[],"_links":{"self":[{"href":"https:\/\/instytutkonfucjusza.ug.edu.pl\/en\/wp-json\/wp\/v2\/pages\/62","targetHints":{"allow":["GET"]}}],"collection":[{"href":"https:\/\/instytutkonfucjusza.ug.edu.pl\/en\/wp-json\/wp\/v2\/pages"}],"about":[{"href":"https:\/\/instytutkonfucjusza.ug.edu.pl\/en\/wp-json\/wp\/v2\/types\/page"}],"author":[{"embeddable":true,"href":"https:\/\/instytutkonfucjusza.ug.edu.pl\/en\/wp-json\/wp\/v2\/users\/1"}],"replies":[{"embeddable":true,"href":"https:\/\/instytutkonfucjusza.ug.edu.pl\/en\/wp-json\/wp\/v2\/comments?post=62"}],"version-history":[{"count":71,"href":"https:\/\/instytutkonfucjusza.ug.edu.pl\/en\/wp-json\/wp\/v2\/pages\/62\/revisions"}],"predecessor-version":[{"id":2840,"href":"https:\/\/instytutkonfucjusza.ug.edu.pl\/en\/wp-json\/wp\/v2\/pages\/62\/revisions\/2840"}],"wp:attachment":[{"href":"https:\/\/instytutkonfucjusza.ug.edu.pl\/en\/wp-json\/wp\/v2\/media?parent=62"}],"curies":[{"name":"wp","href":"https:\/\/api.w.org\/{rel}","templated":true}]}}